{"id":17162,"date":"2025-06-10T13:10:17","date_gmt":"2025-06-10T16:10:17","guid":{"rendered":"https:\/\/plataformacipo.org\/?page_id=17162"},"modified":"2025-06-10T13:11:35","modified_gmt":"2025-06-10T16:11:35","slug":"teste-2","status":"publish","type":"page","link":"https:\/\/plataformacipo.org\/en\/teste-2\/","title":{"rendered":"teste"},"content":{"rendered":"\n<iframe src=\"https:\/\/declaracaodebelemcipo.streamlit.app\/?embed=true\" style=\"height: 450px; width: 100%;\" ><\/iframe>\n\n\n\n<p><\/p>\n","protected":false},"excerpt":{"rendered":"","protected":false},"author":1,"featured_media":0,"parent":0,"menu_order":0,"comment_status":"closed","ping_status":"closed","template":"","meta":{"footnotes":""},"class_list":["post-17162","page","type-page","status-publish"],"yoast_head":"<!-- This site is optimized with the Yoast SEO plugin v27.4 - https:\/\/yoast.com\/product\/yoast-seo-wordpress\/ -->\n<title>teste - Plataforma CIP\u00d3<\/title>\n<meta name=\"robots\" content=\"index, follow, max-snippet:-1, max-image-preview:large, max-video-preview:-1\" \/>\n<link rel=\"canonical\" href=\"https:\/\/plataformacipo.org\/en\/teste-2\/\" \/>\n<meta property=\"og:locale\" content=\"en_US\" \/>\n<meta property=\"og:type\" content=\"article\" \/>\n<meta property=\"og:title\" content=\"teste - Plataforma CIP\u00d3\" \/>\n<meta property=\"og:url\" content=\"https:\/\/plataformacipo.org\/en\/teste-2\/\" \/>\n<meta property=\"og:site_name\" content=\"Plataforma CIP\u00d3\" \/>\n<meta property=\"article:publisher\" content=\"https:\/\/www.facebook.com\/PlataformaCipo\/\" \/>\n<meta property=\"article:modified_time\" content=\"2025-06-10T16:11:35+00:00\" \/>\n<meta property=\"og:image\" content=\"https:\/\/plataformacipo.org\/wp-content\/uploads\/2023\/03\/imagem_site_CIPO.jpg\" \/>\n\t<meta property=\"og:image:width\" content=\"1200\" \/>\n\t<meta property=\"og:image:height\" content=\"675\" \/>\n\t<meta property=\"og:image:type\" content=\"image\/jpeg\" \/>\n<meta name=\"twitter:card\" content=\"summary_large_image\" \/>\n<meta name=\"twitter:site\" content=\"@plataformacipo\" \/>\n<script type=\"application\/ld+json\" class=\"yoast-schema-graph\">{\"@context\":\"https:\\\/\\\/schema.org\",\"@graph\":[{\"@type\":\"WebPage\",\"@id\":\"https:\\\/\\\/plataformacipo.org\\\/en\\\/teste-2\\\/\",\"url\":\"https:\\\/\\\/plataformacipo.org\\\/en\\\/teste-2\\\/\",\"name\":\"teste - Plataforma CIP\u00d3\",\"isPartOf\":{\"@id\":\"https:\\\/\\\/plataformacipo.org\\\/en\\\/#website\"},\"datePublished\":\"2025-06-10T16:10:17+00:00\",\"dateModified\":\"2025-06-10T16:11:35+00:00\",\"breadcrumb\":{\"@id\":\"https:\\\/\\\/plataformacipo.org\\\/en\\\/teste-2\\\/#breadcrumb\"},\"inLanguage\":\"en-US\",\"potentialAction\":[{\"@type\":\"ReadAction\",\"target\":[\"https:\\\/\\\/plataformacipo.org\\\/en\\\/teste-2\\\/\"]}]},{\"@type\":\"BreadcrumbList\",\"@id\":\"https:\\\/\\\/plataformacipo.org\\\/en\\\/teste-2\\\/#breadcrumb\",\"itemListElement\":[{\"@type\":\"ListItem\",\"position\":1,\"name\":\"Home\",\"item\":\"https:\\\/\\\/plataformacipo.org\\\/en\\\/home\\\/\"},{\"@type\":\"ListItem\",\"position\":2,\"name\":\"teste\"}]},{\"@type\":\"WebSite\",\"@id\":\"https:\\\/\\\/plataformacipo.org\\\/en\\\/#website\",\"url\":\"https:\\\/\\\/plataformacipo.org\\\/en\\\/\",\"name\":\"Plataforma CIP\u00d3\",\"description\":\"Site da Plataforma CIP\u00d3\",\"alternateName\":\"CIP\u00d3\",\"potentialAction\":[{\"@type\":\"SearchAction\",\"target\":{\"@type\":\"EntryPoint\",\"urlTemplate\":\"https:\\\/\\\/plataformacipo.org\\\/en\\\/?s={search_term_string}\"},\"query-input\":{\"@type\":\"PropertyValueSpecification\",\"valueRequired\":true,\"valueName\":\"search_term_string\"}}],\"inLanguage\":\"en-US\"}]}<\/script>\n<!-- \/ Yoast SEO plugin. -->","yoast_head_json":{"title":"teste - Plataforma CIP\u00d3","robots":{"index":"index","follow":"follow","max-snippet":"max-snippet:-1","max-image-preview":"max-image-preview:large","max-video-preview":"max-video-preview:-1"},"canonical":"https:\/\/plataformacipo.org\/en\/teste-2\/","og_locale":"en_US","og_type":"article","og_title":"teste - Plataforma CIP\u00d3","og_url":"https:\/\/plataformacipo.org\/en\/teste-2\/","og_site_name":"Plataforma CIP\u00d3","article_publisher":"https:\/\/www.facebook.com\/PlataformaCipo\/","article_modified_time":"2025-06-10T16:11:35+00:00","og_image":[{"width":1200,"height":675,"url":"https:\/\/plataformacipo.org\/wp-content\/uploads\/2023\/03\/imagem_site_CIPO.jpg","type":"image\/jpeg"}],"twitter_card":"summary_large_image","twitter_site":"@plataformacipo","schema":{"@context":"https:\/\/schema.org","@graph":[{"@type":"WebPage","@id":"https:\/\/plataformacipo.org\/en\/teste-2\/","url":"https:\/\/plataformacipo.org\/en\/teste-2\/","name":"teste - Plataforma CIP\u00d3","isPartOf":{"@id":"https:\/\/plataformacipo.org\/en\/#website"},"datePublished":"2025-06-10T16:10:17+00:00","dateModified":"2025-06-10T16:11:35+00:00","breadcrumb":{"@id":"https:\/\/plataformacipo.org\/en\/teste-2\/#breadcrumb"},"inLanguage":"en-US","potentialAction":[{"@type":"ReadAction","target":["https:\/\/plataformacipo.org\/en\/teste-2\/"]}]},{"@type":"BreadcrumbList","@id":"https:\/\/plataformacipo.org\/en\/teste-2\/#breadcrumb","itemListElement":[{"@type":"ListItem","position":1,"name":"Home","item":"https:\/\/plataformacipo.org\/en\/home\/"},{"@type":"ListItem","position":2,"name":"teste"}]},{"@type":"WebSite","@id":"https:\/\/plataformacipo.org\/en\/#website","url":"https:\/\/plataformacipo.org\/en\/","name":"Plataforma CIP\u00d3","description":"Site da Plataforma CIP\u00d3","alternateName":"CIP\u00d3","potentialAction":[{"@type":"SearchAction","target":{"@type":"EntryPoint","urlTemplate":"https:\/\/plataformacipo.org\/en\/?s={search_term_string}"},"query-input":{"@type":"PropertyValueSpecification","valueRequired":true,"valueName":"search_term_string"}}],"inLanguage":"en-US"}]}},"_links":{"self":[{"href":"https:\/\/plataformacipo.org\/en\/wp-json\/wp\/v2\/pages\/17162","targetHints":{"allow":["GET"]}}],"collection":[{"href":"https:\/\/plataformacipo.org\/en\/wp-json\/wp\/v2\/pages"}],"about":[{"href":"https:\/\/plataformacipo.org\/en\/wp-json\/wp\/v2\/types\/page"}],"author":[{"embeddable":true,"href":"https:\/\/plataformacipo.org\/en\/wp-json\/wp\/v2\/users\/1"}],"replies":[{"embeddable":true,"href":"https:\/\/plataformacipo.org\/en\/wp-json\/wp\/v2\/comments?post=17162"}],"version-history":[{"count":2,"href":"https:\/\/plataformacipo.org\/en\/wp-json\/wp\/v2\/pages\/17162\/revisions"}],"predecessor-version":[{"id":17164,"href":"https:\/\/plataformacipo.org\/en\/wp-json\/wp\/v2\/pages\/17162\/revisions\/17164"}],"wp:attachment":[{"href":"https:\/\/plataformacipo.org\/en\/wp-json\/wp\/v2\/media?parent=17162"}],"curies":[{"name":"wp","href":"https:\/\/api.w.org\/{rel}","templated":true}]}}