{"id":16654,"date":"2025-03-07T17:28:02","date_gmt":"2025-03-07T20:28:02","guid":{"rendered":"https:\/\/plataformacipo.org\/declaracao_belem_mobile\/"},"modified":"2025-07-15T21:08:00","modified_gmt":"2025-07-16T00:08:00","slug":"declaracao_belem_mobile","status":"publish","type":"page","link":"https:\/\/plataformacipo.org\/en\/declaracao_belem_mobile\/","title":{"rendered":"declaracao_belem_mobile"},"content":{"rendered":"<div id=\"tdi_1\" class=\"tdc-zone\"><div class=\"tdc_zone tdi_2  wpb_row td-pb-row\"  >\n<style scoped>\n\/* custom css - generated by TagDiv Composer *\/\n\n\/* custom css - generated by TagDiv Composer *\/\n.tdi_2{\r\n                    min-height: 0;\r\n                }\n<\/style><div id=\"tdi_3\" class=\"tdc-row\"><div class=\"vc_row tdi_4  wpb_row td-pb-row\" >\n<style scoped>\n\/* custom css - generated by TagDiv Composer *\/\n\n\/* custom css - generated by TagDiv Composer *\/\n.tdi_4,\r\n                .tdi_4 .tdc-columns{\r\n                    min-height: 0;\r\n                }.tdi_4,\r\n\t\t\t\t.tdi_4 .tdc-columns{\r\n\t\t\t\t    display: block;\r\n\t\t\t\t}.tdi_4 .tdc-columns{\r\n\t\t\t\t    width: 100%;\r\n\t\t\t\t}.tdi_4:before,\r\n\t\t\t\t.tdi_4:after{\r\n\t\t\t\t    display: table;\r\n\t\t\t\t}\n<\/style><div class=\"vc_column tdi_6  wpb_column vc_column_container tdc-column td-pb-span12\">\n<style scoped>\n\/* custom css - generated by TagDiv Composer *\/\n\n\/* custom css - generated by TagDiv Composer *\/\n.tdi_6{\r\n                    vertical-align: baseline;\r\n                }.tdi_6 > .wpb_wrapper,\r\n\t\t\t\t.tdi_6 > .wpb_wrapper > .tdc-elements{\r\n\t\t\t\t    display: block;\r\n\t\t\t\t}.tdi_6 > .wpb_wrapper > .tdc-elements{\r\n\t\t\t\t    width: 100%;\r\n\t\t\t\t}.tdi_6 > .wpb_wrapper > .vc_row_inner{\r\n\t\t\t\t    width: auto;\r\n\t\t\t\t}.tdi_6 > .wpb_wrapper{\r\n\t\t\t\t    width: auto;\r\n\t\t\t\t    height: auto;\r\n\t\t\t\t}\n<\/style><div class=\"wpb_wrapper\" ><\/div><\/div><\/div><\/div><div id=\"tdi_7\" class=\"tdc-row\"><div class=\"vc_row tdi_8  wpb_row td-pb-row\" >\n<style scoped>\n\/* custom css - generated by TagDiv Composer *\/\n\n\/* custom css - generated by TagDiv Composer *\/\n.tdi_8,\r\n                .tdi_8 .tdc-columns{\r\n                    min-height: 0;\r\n                }.tdi_8,\r\n\t\t\t\t.tdi_8 .tdc-columns{\r\n\t\t\t\t    display: block;\r\n\t\t\t\t}.tdi_8 .tdc-columns{\r\n\t\t\t\t    width: 100%;\r\n\t\t\t\t}.tdi_8:before,\r\n\t\t\t\t.tdi_8:after{\r\n\t\t\t\t    display: table;\r\n\t\t\t\t}\n\/* inline tdc_css att - generated by TagDiv Composer *\/\n\n.tdi_8{\nmargin-bottom:50px !important;\n}\n\n.tdi_8 .td_block_wrap{ text-align:left }\n\n<\/style><div class=\"vc_column tdi_10  wpb_column vc_column_container tdc-column td-pb-span12\">\n<style scoped>\n\/* custom css - generated by TagDiv Composer *\/\n\n\/* custom css - generated by TagDiv Composer *\/\n.tdi_10{\r\n                    vertical-align: baseline;\r\n                }.tdi_10 > .wpb_wrapper,\r\n\t\t\t\t.tdi_10 > .wpb_wrapper > .tdc-elements{\r\n\t\t\t\t    display: block;\r\n\t\t\t\t}.tdi_10 > .wpb_wrapper > .tdc-elements{\r\n\t\t\t\t    width: 100%;\r\n\t\t\t\t}.tdi_10 > .wpb_wrapper > .vc_row_inner{\r\n\t\t\t\t    width: auto;\r\n\t\t\t\t}.tdi_10 > .wpb_wrapper{\r\n\t\t\t\t    width: auto;\r\n\t\t\t\t    height: auto;\r\n\t\t\t\t}\n<\/style><div class=\"wpb_wrapper\" ><div class=\"tdm_block td_block_wrap tdm_block_inline_image tdi_11 td-animation-stack tdm-inline-block tdm-content-horiz-left td-pb-border-top td_block_template_1\"  data-td-block-uid=\"tdi_11\" >\n<style>\n\n\/* inline tdc_css att - generated by TagDiv Composer *\/\n\n.tdi_11{\nmargin-top:50px !important;\n}\n\n<\/style>\n<style>\n\/* custom css - generated by TagDiv Composer *\/\n.tdm_block.tdm_block_inline_image{\r\n                  position: relative;\r\n                  margin-bottom: 0;\r\n                  line-height: 0;\r\n                  overflow: hidden;\r\n                }.tdm_block.tdm_block_inline_image .tdm-inline-image-wrap{\r\n                  position: relative;\r\n                  display: inline-block;\r\n                }.tdm_block.tdm_block_inline_image .td-image-video-modal{\r\n                  cursor: pointer;\r\n                }.tdm_block.tdm_block_inline_image .tdm-caption{\r\n                  width: 100%;\r\n                  font-family: Verdana, BlinkMacSystemFont, -apple-system, \"Segoe UI\", Roboto, Oxygen, Ubuntu, Cantarell, \"Open Sans\", \"Helvetica Neue\", sans-serif;\r\n                  padding-top: 6px;\r\n                  padding-bottom: 6px;\r\n                  font-size: 12px;\r\n                  font-style: italic;\r\n                  font-weight: normal;\r\n                  line-height: 17px;\r\n                  color: #444;\r\n                }.tdm_block.tdm_block_inline_image.tdm-caption-over-image .tdm-caption{\r\n                  position: absolute;\r\n                  left: 0;\r\n                  bottom: 0;\r\n                  margin-top: 0;\r\n                  padding-left: 10px;\r\n                  padding-right: 10px;\r\n                  width: 100%;\r\n                  background: rgba(0, 0, 0, 0.7);\r\n                  color: #fff;\r\n                }.tdi_11 .tdm-inline-image-wrap:hover:before{\r\n                    opacity: 0;\r\n                }.tdi_11 .tdm-image{\r\n\t\t\t\t\tborder-color:  #eaeaea;\r\n\t\t\t\t}\n<\/style><div class=\"tdm-inline-image-wrap \" ><img loading=\"lazy\" decoding=\"async\" class=\"tdm-image td-fix-index td-lazy-img\" src=\"data:image\/png;base64,iVBORw0KGgoAAAANSUhEUgAABCwAAAJEAQMAAADnqyfeAAAAA1BMVEWurq51dlI4AAAAAXRSTlMmkutdmwAAAG9JREFUeNrswYEAAAAAgKD9qRepAgAAAAAAAAAAAAAAAAAAAAAAAAAAAAAAAAAAAAAAAAAAAAAAAAAAAAAAAAAAAAAAAAAAAAAAAAAAAADg9uCQAAAAAEDQ\/9fOsAAAAAAAAAAAAAAAAAAAAAAAsAox6wABwRHV3QAAAABJRU5ErkJggg==\" data-type=\"image_tag\" data-img-url=\"https:\/\/plataformacipo.org\/wp-content\/uploads\/2025\/04\/banner_.webp\"  title=\"Carta P\u00fablica COP30\" alt=\"Carta P\u00fablica COP30\" width=\"1300\" height=\"370\"><\/div><\/div><div class=\"td_block_wrap td_block_text_with_title tdi_12 tagdiv-type td-pb-border-top td_block_template_2\"  data-td-block-uid=\"tdi_12\" >\n<style>\n\n\/* inline tdc_css att - generated by TagDiv Composer *\/\n\n.tdi_12{\npadding-top:30px !important;\n}\n\n<\/style>\n<style>\n\/* custom css - generated by TagDiv Composer *\/\n.td_block_text_with_title{\r\n                  margin-bottom: 44px;\r\n                  -webkit-transform: translateZ(0);\r\n                  transform: translateZ(0);\r\n                }.td_block_text_with_title p:last-child{\r\n                  margin-bottom: 0;\r\n                }.tdi_12,\r\n                .tdi_12 p{\r\n\t\t\t        font-family:Roboto Slab !important;font-size:17px !important;line-height:1.8 !important;font-weight:400 !important;\r\n\t\t        }.tdi_12 h1{\r\n\t\t\t        font-family:Lato !important;font-size:28px !important;line-height:1 !important;font-weight:900 !important;\r\n\t\t        }.tdi_12 h2{\r\n\t\t\t        font-family:Lato !important;font-size:26px !important;line-height:1 !important;font-weight:900 !important;\r\n\t\t        }.tdi_12 h3{\r\n\t\t\t        font-family:Lato !important;font-size:24px !important;line-height:1 !important;font-weight:900 !important;\r\n\t\t        }.tdi_12 h4{\r\n\t\t\t        font-family:Lato !important;font-size:22px !important;font-weight:900 !important;\r\n\t\t        }.tdi_12 h5{\r\n\t\t\t        font-family:Lato !important;font-size:20px !important;line-height:1 !important;font-weight:900 !important;\r\n\t\t        }.tdi_12 h6{\r\n\t\t\t        font-family:Lato !important;font-size:18px !important;line-height:1 !important;font-weight:900 !important;\r\n\t\t        }.tdi_12 li{\r\n\t\t\t        font-family:Roboto Slab !important;font-size:17px !important;line-height:1.8 !important;font-weight:400 !important;\r\n\t\t        }.tdi_12 li:before{\r\n\t\t\t\t    margin-top: 1px;\r\n\t\t\t        line-height: 30.6px !important;\r\n\t\t        }.tdi_12 blockquote p{\r\n\t\t\t        font-family:Lato !important;font-size:48px !important;line-height:1.2 !important;font-weight:700 !important;text-transform:none !important;\r\n\t\t        }\n<\/style><div class=\"td-block-title-wrap\"><\/div><div class=\"td_mod_wrap td-fix-index\"><p>(Espa\u00f1ol abajo)<\/p>\n<p>A Plataforma CIP\u00d3, por meio de seu projeto voltado ao fortalecimento da coopera\u00e7\u00e3o regional pan-amaz\u00f4nica, tem atuado para impulsionar a implementa\u00e7\u00e3o da Declara\u00e7\u00e3o de Bel\u00e9m \u2014 documento assinado em agosto de 2023 por Bol\u00edvia, Brasil, Col\u00f4mbia, Equador, Guiana, Peru, Suriname e Venezuela, pa\u00edses membros da Organiza\u00e7\u00e3o do Tratado de Coopera\u00e7\u00e3o Amaz\u00f4nica (OTCA). A Declara\u00e7\u00e3o re\u00fane 113 compromissos voltados \u00e0 promo\u00e7\u00e3o do desenvolvimento sustent\u00e1vel e \u00e0 preserva\u00e7\u00e3o da Amaz\u00f4nia.<\/p>\n<p>Como parte desse esfor\u00e7o, a CIP\u00d3 liderou o processo de constru\u00e7\u00e3o coletiva da carta p\u00fablica \u201c<strong>Para a COP30 ir bem: avan\u00e7ar com a Declara\u00e7\u00e3o de Bel\u00e9m!<\/strong>\u201d. O documento \u00e9 fruto de um processo colaborativo e participativo que reuniu contribui\u00e7\u00f5es de mais de 80 vozes da Pan-Amaz\u00f4nia, incluindo 46 organiza\u00e7\u00f5es e 42 lideran\u00e7as, ativistas, especialistas e parlamentares dos oito pa\u00edses que integram a OTCA.<\/p>\n<p>A iniciativa busca mobilizar a sociedade civil pan-amaz\u00f4nica para acelerar a implementa\u00e7\u00e3o dos compromissos assumidos pelos governos da regi\u00e3o, garantindo avan\u00e7os concretos no caminho at\u00e9 a COP30.<\/p>\n<p>Consulte a carta em portugu\u00eas: \u201c<a href=\"https:\/\/plataformacipo.org\/wp-content\/uploads\/2025\/05\/Para-a-COP30-ir-bem_-avancar-com-a-Declaracao-de-Belem.pdf\" target=\"_blank\" rel=\"noopener\">Para a COP30 ir bem: avan\u00e7ar com a Declara\u00e7\u00e3o de Bel\u00e9m!<\/a>\u201d.<\/p>\n<p>\u00a0<\/p>\n<p>Espa\u00f1ol<\/p>\n<p>La Plataforma CIP\u00d3, a trav\u00e9s de su proyecto orientado al fortalecimiento de la cooperaci\u00f3n regional panamaz\u00f3nica, ha venido actuando para impulsar la implementaci\u00f3n de la Declaraci\u00f3n de Bel\u00e9m \u2014 documento firmado en agosto de 2023 por Bolivia, Brasil, Colombia, Ecuador, Guyana, Per\u00fa, Surinam y Venezuela, pa\u00edses miembros de la Organizaci\u00f3n del Tratado de Cooperaci\u00f3n Amaz\u00f3nica (OTCA). La Declaraci\u00f3n re\u00fane 113 compromisos dirigidos a promover el desarrollo sostenible y la preservaci\u00f3n de la Amazon\u00eda.<\/p>\n<p>Como parte de este esfuerzo, CIP\u00d3 lider\u00f3 el proceso de construcci\u00f3n colectiva de la carta p\u00fablica \u201c<strong>Para que la COP30 le vaya bien: \u00a1avancemos con la Declaraci\u00f3n de Bel\u00e9m!<\/strong>\u201d. Este documento es el resultado de un proceso colaborativo y participativo que reuni\u00f3 aportes de m\u00e1s de 80 voces de la Panamazon\u00eda, incluyendo 46 organizaciones y 42 liderazgos, activistas, especialistas y parlamentarios de los ocho pa\u00edses que integran la OTCA.<\/p>\n<p>La iniciativa busca movilizar a la sociedad civil panamaz\u00f3nica para acelerar la implementaci\u00f3n de los compromisos asumidos por los gobiernos de la regi\u00f3n, garantizando avances concretos en el camino hacia la COP30.<\/p>\n<p>Consulta la carta en portugu\u00e9s: \u201c<a href=\"https:\/\/plataformacipo.org\/wp-content\/uploads\/2025\/04\/Para-que-a-la-COP30-le-vaya-bien_-%C2%A1avancemos-con-la-Declaracion-de-Belem.pdf\" target=\"_blank\" rel=\"noopener\">Para que la COP30 le vaya bien: \u00a1avancemos con la Declaraci\u00f3n de Bel\u00e9m!<\/a>\u201d.<\/p>\n<\/div><\/div><\/div><\/div><\/div><\/div><\/div><\/div>","protected":false},"excerpt":{"rendered":"","protected":false},"author":1,"featured_media":0,"parent":0,"menu_order":0,"comment_status":"closed","ping_status":"closed","template":"","meta":{"footnotes":""},"class_list":["post-16654","page","type-page","status-publish"],"yoast_head":"<!-- This site is optimized with the Yoast SEO plugin v27.4 - https:\/\/yoast.com\/product\/yoast-seo-wordpress\/ -->\n<title>declaracao_belem_mobile - Plataforma CIP\u00d3<\/title>\n<meta name=\"robots\" content=\"index, follow, max-snippet:-1, max-image-preview:large, max-video-preview:-1\" \/>\n<link rel=\"canonical\" href=\"https:\/\/plataformacipo.org\/en\/declaracao_belem_mobile\/\" \/>\n<meta property=\"og:locale\" content=\"en_US\" \/>\n<meta property=\"og:type\" content=\"article\" \/>\n<meta property=\"og:title\" content=\"declaracao_belem_mobile - Plataforma CIP\u00d3\" \/>\n<meta property=\"og:url\" content=\"https:\/\/plataformacipo.org\/en\/declaracao_belem_mobile\/\" \/>\n<meta property=\"og:site_name\" content=\"Plataforma CIP\u00d3\" \/>\n<meta property=\"article:publisher\" content=\"https:\/\/www.facebook.com\/PlataformaCipo\/\" \/>\n<meta property=\"article:modified_time\" content=\"2025-07-16T00:08:00+00:00\" \/>\n<meta property=\"og:image\" content=\"https:\/\/plataformacipo.org\/wp-content\/uploads\/2023\/03\/imagem_site_CIPO.jpg\" \/>\n\t<meta property=\"og:image:width\" content=\"1200\" \/>\n\t<meta property=\"og:image:height\" content=\"675\" \/>\n\t<meta property=\"og:image:type\" content=\"image\/jpeg\" \/>\n<meta name=\"twitter:card\" content=\"summary_large_image\" \/>\n<meta name=\"twitter:site\" content=\"@plataformacipo\" \/>\n<meta name=\"twitter:label1\" content=\"Est. reading time\" \/>\n\t<meta name=\"twitter:data1\" content=\"3 minutes\" \/>\n<script type=\"application\/ld+json\" class=\"yoast-schema-graph\">{\"@context\":\"https:\\\/\\\/schema.org\",\"@graph\":[{\"@type\":\"WebPage\",\"@id\":\"https:\\\/\\\/plataformacipo.org\\\/en\\\/declaracao_belem_mobile\\\/\",\"url\":\"https:\\\/\\\/plataformacipo.org\\\/en\\\/declaracao_belem_mobile\\\/\",\"name\":\"declaracao_belem_mobile - Plataforma CIP\u00d3\",\"isPartOf\":{\"@id\":\"https:\\\/\\\/plataformacipo.org\\\/en\\\/#website\"},\"datePublished\":\"2025-03-07T20:28:02+00:00\",\"dateModified\":\"2025-07-16T00:08:00+00:00\",\"breadcrumb\":{\"@id\":\"https:\\\/\\\/plataformacipo.org\\\/en\\\/declaracao_belem_mobile\\\/#breadcrumb\"},\"inLanguage\":\"en-US\",\"potentialAction\":[{\"@type\":\"ReadAction\",\"target\":[\"https:\\\/\\\/plataformacipo.org\\\/en\\\/declaracao_belem_mobile\\\/\"]}]},{\"@type\":\"BreadcrumbList\",\"@id\":\"https:\\\/\\\/plataformacipo.org\\\/en\\\/declaracao_belem_mobile\\\/#breadcrumb\",\"itemListElement\":[{\"@type\":\"ListItem\",\"position\":1,\"name\":\"Home\",\"item\":\"https:\\\/\\\/plataformacipo.org\\\/en\\\/home\\\/\"},{\"@type\":\"ListItem\",\"position\":2,\"name\":\"declaracao_belem_mobile\"}]},{\"@type\":\"WebSite\",\"@id\":\"https:\\\/\\\/plataformacipo.org\\\/en\\\/#website\",\"url\":\"https:\\\/\\\/plataformacipo.org\\\/en\\\/\",\"name\":\"Plataforma CIP\u00d3\",\"description\":\"Site da Plataforma CIP\u00d3\",\"alternateName\":\"CIP\u00d3\",\"potentialAction\":[{\"@type\":\"SearchAction\",\"target\":{\"@type\":\"EntryPoint\",\"urlTemplate\":\"https:\\\/\\\/plataformacipo.org\\\/en\\\/?s={search_term_string}\"},\"query-input\":{\"@type\":\"PropertyValueSpecification\",\"valueRequired\":true,\"valueName\":\"search_term_string\"}}],\"inLanguage\":\"en-US\"}]}<\/script>\n<!-- \/ Yoast SEO plugin. -->","yoast_head_json":{"title":"declaracao_belem_mobile - Plataforma CIP\u00d3","robots":{"index":"index","follow":"follow","max-snippet":"max-snippet:-1","max-image-preview":"max-image-preview:large","max-video-preview":"max-video-preview:-1"},"canonical":"https:\/\/plataformacipo.org\/en\/declaracao_belem_mobile\/","og_locale":"en_US","og_type":"article","og_title":"declaracao_belem_mobile - Plataforma CIP\u00d3","og_url":"https:\/\/plataformacipo.org\/en\/declaracao_belem_mobile\/","og_site_name":"Plataforma CIP\u00d3","article_publisher":"https:\/\/www.facebook.com\/PlataformaCipo\/","article_modified_time":"2025-07-16T00:08:00+00:00","og_image":[{"width":1200,"height":675,"url":"https:\/\/plataformacipo.org\/wp-content\/uploads\/2023\/03\/imagem_site_CIPO.jpg","type":"image\/jpeg"}],"twitter_card":"summary_large_image","twitter_site":"@plataformacipo","twitter_misc":{"Est. reading time":"3 minutes"},"schema":{"@context":"https:\/\/schema.org","@graph":[{"@type":"WebPage","@id":"https:\/\/plataformacipo.org\/en\/declaracao_belem_mobile\/","url":"https:\/\/plataformacipo.org\/en\/declaracao_belem_mobile\/","name":"declaracao_belem_mobile - Plataforma CIP\u00d3","isPartOf":{"@id":"https:\/\/plataformacipo.org\/en\/#website"},"datePublished":"2025-03-07T20:28:02+00:00","dateModified":"2025-07-16T00:08:00+00:00","breadcrumb":{"@id":"https:\/\/plataformacipo.org\/en\/declaracao_belem_mobile\/#breadcrumb"},"inLanguage":"en-US","potentialAction":[{"@type":"ReadAction","target":["https:\/\/plataformacipo.org\/en\/declaracao_belem_mobile\/"]}]},{"@type":"BreadcrumbList","@id":"https:\/\/plataformacipo.org\/en\/declaracao_belem_mobile\/#breadcrumb","itemListElement":[{"@type":"ListItem","position":1,"name":"Home","item":"https:\/\/plataformacipo.org\/en\/home\/"},{"@type":"ListItem","position":2,"name":"declaracao_belem_mobile"}]},{"@type":"WebSite","@id":"https:\/\/plataformacipo.org\/en\/#website","url":"https:\/\/plataformacipo.org\/en\/","name":"Plataforma CIP\u00d3","description":"Site da Plataforma CIP\u00d3","alternateName":"CIP\u00d3","potentialAction":[{"@type":"SearchAction","target":{"@type":"EntryPoint","urlTemplate":"https:\/\/plataformacipo.org\/en\/?s={search_term_string}"},"query-input":{"@type":"PropertyValueSpecification","valueRequired":true,"valueName":"search_term_string"}}],"inLanguage":"en-US"}]}},"_links":{"self":[{"href":"https:\/\/plataformacipo.org\/en\/wp-json\/wp\/v2\/pages\/16654","targetHints":{"allow":["GET"]}}],"collection":[{"href":"https:\/\/plataformacipo.org\/en\/wp-json\/wp\/v2\/pages"}],"about":[{"href":"https:\/\/plataformacipo.org\/en\/wp-json\/wp\/v2\/types\/page"}],"author":[{"embeddable":true,"href":"https:\/\/plataformacipo.org\/en\/wp-json\/wp\/v2\/users\/1"}],"replies":[{"embeddable":true,"href":"https:\/\/plataformacipo.org\/en\/wp-json\/wp\/v2\/comments?post=16654"}],"version-history":[{"count":3,"href":"https:\/\/plataformacipo.org\/en\/wp-json\/wp\/v2\/pages\/16654\/revisions"}],"predecessor-version":[{"id":17326,"href":"https:\/\/plataformacipo.org\/en\/wp-json\/wp\/v2\/pages\/16654\/revisions\/17326"}],"wp:attachment":[{"href":"https:\/\/plataformacipo.org\/en\/wp-json\/wp\/v2\/media?parent=16654"}],"curies":[{"name":"wp","href":"https:\/\/api.w.org\/{rel}","templated":true}]}}